{"id":361,"date":"2025-05-07T10:22:50","date_gmt":"2025-05-07T10:22:50","guid":{"rendered":"https:\/\/www.animalindiegames.com\/?page_id=361"},"modified":"2025-05-14T22:14:29","modified_gmt":"2025-05-14T22:14:29","slug":"add-to-wishlist","status":"publish","type":"page","link":"https:\/\/www.animalindiegames.com\/es\/add-to-wishlist\/","title":{"rendered":"Add to Wishlist"},"content":{"rendered":"<p style=\"text-align: center;\"><img loading=\"lazy\" decoding=\"async\" class=\"aligncenter wp-image-363\" src=\"https:\/\/www.animalindiegames.com\/wp-content\/uploads\/2025\/05\/AlaricTitle-1.png\" alt=\"\" width=\"491\" height=\"300\" srcset=\"https:\/\/www.animalindiegames.com\/wp-content\/uploads\/2025\/05\/AlaricTitle-1.png 655w, https:\/\/www.animalindiegames.com\/wp-content\/uploads\/2025\/05\/AlaricTitle-1-300x183.png 300w, https:\/\/www.animalindiegames.com\/wp-content\/uploads\/2025\/05\/AlaricTitle-1-18x12.png 18w\" sizes=\"auto, (max-width: 491px) 100vw, 491px\" \/><\/p>\n<div style=\"text-align: center;\"><a class=\"wishlist-btn\" href=\"https:\/\/store.steampowered.com\/app\/2463480\/Alarics_Quest\/\"><br \/>\n<img loading=\"lazy\" decoding=\"async\" src=\"https:\/\/www.animalindiegames.com\/wp-content\/uploads\/2025\/05\/SteamBtn-1.png\" alt=\"Add Alaric's Quest to your Steam Wishlist\" width=\"408\" height=\"97\" \/><br \/>\n<\/a><\/div>\n<p style=\"text-align: center;\"><span style=\"font-family: hamlet2;\">\u00a1Pr\u00f3ximamente a finales de junio \u2014 <strong>S\u00f3lo 5,99 \u20ac!<\/strong><\/span><\/p>\n<p style=\"text-align: center;\"><span style=\"font-family: hamlet2;\">Un viaje brutal. Un mundo hecho a mano. \u00bfEst\u00e1s listo para morir mil veces?<\/span><\/p>\n<p><img loading=\"lazy\" decoding=\"async\" class=\"aligncenter size-full wp-image-350\" src=\"https:\/\/www.animalindiegames.com\/wp-content\/uploads\/2025\/04\/lavaclip.gif\" alt=\"\" width=\"800\" height=\"450\" \/><\/p>\n<p style=\"text-align: center;\"><span style=\"font-family: hamlet2;\"><em data-start=\"595\" data-end=\"611\">Alaric\u2019s Quest<\/em> Es un plataformas 2D brutalmente desafiante con ritmo r\u00e1pido. <\/span><\/p>\n<p style=\"text-align: center;\"><span style=\"font-family: hamlet2;\">Combate Hack &amp; Slash y gr\u00e1ficos dibujados a mano en estilo cartoon.<\/span><br data-start=\"719\" data-end=\"722\" \/><span style=\"font-family: hamlet2;\">Inspirado en cl\u00e1sicos como <em data-start=\"750\" data-end=\"765\">Prehistorik 2<\/em> y <em data-start=\"770\" data-end=\"781\">Alex Kidd<\/em>Este juego pondr\u00e1 a prueba tus reflejos, memoria y determinaci\u00f3n.<\/span><br data-start=\"844\" data-end=\"847\" \/><span style=\"font-family: hamlet2;\">Salta, corta y muere (mucho) a trav\u00e9s de trampas mortales, enemigos y niveles llenos de secretos.<\/span><br data-start=\"941\" data-end=\"944\" \/><span style=\"font-family: hamlet2;\">Nada de ayudas. Solo puro desaf\u00edo a la vieja escuela.<\/span><\/p>\n<p><span style=\"font-family: hamlet2;\">\u25b6\ufe0f<strong> Mira el tr\u00e1iler.<\/strong><\/span><\/p>\n<p style=\"text-align: center;\"><iframe loading=\"lazy\" title=\"YouTube video player\" src=\"https:\/\/www.youtube.com\/embed\/TDjCTC4Uozo?si=7mPfl6ElY-GQ4i9Q\" width=\"560\" height=\"315\" frameborder=\"0\" allowfullscreen=\"allowfullscreen\"><\/iframe><\/p>\n<p style=\"text-align: center;\"><img loading=\"lazy\" decoding=\"async\" class=\"aligncenter size-full wp-image-403\" src=\"https:\/\/www.animalindiegames.com\/wp-content\/uploads\/2025\/05\/acuaticdeadclip.gif\" alt=\"\" width=\"800\" height=\"450\" \/><\/p>\n<p>&nbsp;<\/p>\n<p class=\"bb_paragraph\" style=\"text-align: center;\"><span style=\"font-size: 18pt;\"><strong><span style=\"font-family: hamlet2;\">Caracter\u00edsticas principales:<\/span><\/strong><\/span><\/p>\n<p class=\"bb_paragraph\" style=\"text-align: center;\"><span style=\"font-family: hamlet2;\">\u2022 <strong>Plataformas cl\u00e1sicas cargadas de adrenalina<\/strong> \u2013 <i>Alaric's Quest<\/i> ofrece una jugabilidad cl\u00e1sica de plataformas con <strong>con saltos precisos, obst\u00e1culos desafiantes y trampas ingeniosas.<\/strong>Deber\u00e1s dominar la mec\u00e1nica de salto y explorar cada nivel con atenci\u00f3n para avanzar en la historia.<\/span><\/p>\n<p class=\"bb_paragraph\" style=\"text-align: center;\"><span style=\"font-family: hamlet2;\">\u2022 <strong>Gran variedad de niveles y desaf\u00edos.<\/strong> El juego incluye <strong>una amplia gama de niveles,<\/strong>cada uno con sus propios retos y puzles por resolver. <strong>Enfr\u00e9ntate a enemigos feroces, esquiva trampas mortales y descubre secretos ocultos<\/strong> mientras exploras el reino.<\/span><\/p>\n<p class=\"bb_paragraph\" style=\"text-align: center;\"><span style=\"font-family: hamlet2;\">\u2022 <strong>Compatible con m\u00faltiples plataformas y controles<\/strong> \u2013 <i>Alaric's Quest<\/i> est\u00e1 disponible <strong>para Linux, Windows y SteamDeck,<\/strong>lo que garantiza que puedas disfrutar de la aventura en tus dispositivos preferidos. El juego es compatible con <strong>teclado, mando y controles t\u00e1ctiles,<\/strong>ofreciendo flexibilidad en tu forma de jugar.<\/span><\/p>\n<p class=\"bb_paragraph\" style=\"text-align: center;\"><span style=\"font-family: hamlet2;\">\u2022 <strong>Jugabilidad intuitiva con un reto creciente<\/strong> Los controles son <strong>f\u00e1ciles de aprender,<\/strong>lo que lo hace accesible para jugadores de todas las edades y niveles. Sin embargo, a medida que avances, los niveles se volver\u00e1n <strong>cada vez m\u00e1s dif\u00edciles,<\/strong>poniendo a prueba incluso a los jugadores m\u00e1s experimentados. Prep\u00e1rate para <strong>Trampas traicioneras y enemigos formidables<\/strong> mientras avanzas en tu misi\u00f3n.<\/span><\/p>\n<p class=\"bb_paragraph\" style=\"text-align: center;\"><span style=\"font-family: hamlet2;\"><strong>Alaric's Quest<\/strong> promete diversi\u00f3n sin importar la plataforma o el m\u00e9todo de control que elijas. <strong>\u00a1Prep\u00e1rate para embarcarte en esta emocionante aventura medieval!<\/strong><\/span><\/p>\n<p>&nbsp;<\/p>\n<p style=\"text-align: center;\"><img loading=\"lazy\" decoding=\"async\" class=\"aligncenter size-full wp-image-404\" src=\"https:\/\/www.animalindiegames.com\/wp-content\/uploads\/2025\/05\/trolley15-1.gif\" alt=\"\" width=\"800\" height=\"450\" \/><\/p>\n<div style=\"text-align: center;\"><a class=\"wishlist-btn\" href=\"https:\/\/store.steampowered.com\/app\/2463480\/Alarics_Quest\/\"><br \/>\n<img loading=\"lazy\" decoding=\"async\" src=\"https:\/\/www.animalindiegames.com\/wp-content\/uploads\/2025\/05\/SteamBtn-1.png\" alt=\"Add Alaric's Quest to your Steam Wishlist\" width=\"408\" height=\"97\" \/><br \/>\n<\/a><\/div>\n<p><script>\n  document.addEventListener('DOMContentLoaded', function() {\n    document.querySelectorAll('.wishlist-btn').forEach(btn => {\n      btn.addEventListener('click', function(e) {\n        e.preventDefault();\n        if (typeof rdt === 'function') {\n          rdt('track', 'Lead', { conversion_id: 'wishlist-button-home' });\n        }\n        setTimeout(() => {\n          window.location.href = btn.href;\n        }, 300);\n      });\n    });\n  });\n<\/script><\/p>\n<p>&nbsp;<\/p>\n<p>&nbsp;<\/p>\n<p>&nbsp;<\/p>\n<p>&nbsp;<\/p>\n<p>&nbsp;<\/p>\n<p style=\"text-align: right;\"><a href=\"https:\/\/www.animalindiegames.com\/es\/privacy-policy\/\">Privacy Policy<\/a><\/p>","protected":false},"excerpt":{"rendered":"<p>Coming in Late June \u2014 Only \u20ac5.99! A brutal journey. A hand-crafted world. Are you ready to die a thousand times? Alaric\u2019s Quest is a brutally challenging 2D platformer with fast-paced Hack &amp; Slash combat and hand-drawn cartoon visuals.Inspired by classics like Prehistorik 2 and Alex Kidd, this game will test your reflexes, memory, and [&hellip;]<\/p>\n","protected":false},"author":1,"featured_media":0,"parent":0,"menu_order":0,"comment_status":"closed","ping_status":"closed","template":"","meta":{"_crdt_document":"","footnotes":""},"class_list":["post-361","page","type-page","status-publish","hentry"],"rttpg_featured_image_url":null,"rttpg_author":{"display_name":"xtra","author_link":"https:\/\/www.animalindiegames.com\/es\/author\/xtra\/"},"rttpg_comment":0,"rttpg_category":null,"rttpg_excerpt":"Coming in Late June \u2014 Only \u20ac5.99! A brutal journey. A hand-crafted world. Are you ready to die a thousand times? Alaric\u2019s Quest is a brutally challenging 2D platformer with fast-paced Hack &amp; Slash combat and hand-drawn cartoon visuals.Inspired by classics like Prehistorik 2 and Alex Kidd, this game will test your reflexes, memory, and&hellip;","_links":{"self":[{"href":"https:\/\/www.animalindiegames.com\/es\/wp-json\/wp\/v2\/pages\/361","targetHints":{"allow":["GET"]}}],"collection":[{"href":"https:\/\/www.animalindiegames.com\/es\/wp-json\/wp\/v2\/pages"}],"about":[{"href":"https:\/\/www.animalindiegames.com\/es\/wp-json\/wp\/v2\/types\/page"}],"author":[{"embeddable":true,"href":"https:\/\/www.animalindiegames.com\/es\/wp-json\/wp\/v2\/users\/1"}],"replies":[{"embeddable":true,"href":"https:\/\/www.animalindiegames.com\/es\/wp-json\/wp\/v2\/comments?post=361"}],"version-history":[{"count":27,"href":"https:\/\/www.animalindiegames.com\/es\/wp-json\/wp\/v2\/pages\/361\/revisions"}],"predecessor-version":[{"id":413,"href":"https:\/\/www.animalindiegames.com\/es\/wp-json\/wp\/v2\/pages\/361\/revisions\/413"}],"wp:attachment":[{"href":"https:\/\/www.animalindiegames.com\/es\/wp-json\/wp\/v2\/media?parent=361"}],"curies":[{"name":"wp","href":"https:\/\/api.w.org\/{rel}","templated":true}]}}