{"id":303,"date":"2023-05-29T17:40:40","date_gmt":"2023-05-29T17:40:40","guid":{"rendered":"https:\/\/www.animalindiegames.com\/?page_id=303"},"modified":"2023-05-29T17:45:15","modified_gmt":"2023-05-29T17:45:15","slug":"303-2","status":"publish","type":"page","link":"https:\/\/www.animalindiegames.com\/es\/303-2\/","title":{"rendered":"Puler"},"content":{"rendered":"<p><img loading=\"lazy\" decoding=\"async\" class=\"aligncenter wp-image-158 size-large\" src=\"https:\/\/www.animalindiegames.com\/wp-content\/uploads\/2023\/05\/Puler-Title-1024x241.png\" alt=\"\" width=\"1024\" height=\"241\" srcset=\"https:\/\/www.animalindiegames.com\/wp-content\/uploads\/2023\/05\/Puler-Title-1024x241.png 1024w, https:\/\/www.animalindiegames.com\/wp-content\/uploads\/2023\/05\/Puler-Title-300x71.png 300w, https:\/\/www.animalindiegames.com\/wp-content\/uploads\/2023\/05\/Puler-Title-768x181.png 768w, https:\/\/www.animalindiegames.com\/wp-content\/uploads\/2023\/05\/Puler-Title.png 1327w\" sizes=\"auto, (max-width: 1024px) 100vw, 1024px\" \/><\/p>\n<p>&nbsp;<\/p>\n<p>Un juego educativo para tablets y m\u00f3viles, donde los m\u00e1s peque\u00f1os ( y los no tan peque\u00f1os) pueden aprender el abecedario y los numeros en 3 idiomas (Catal\u00e1n, Castellano e Ingl\u00e9s ).<\/p>\n<p>Ya disponible en Google Play<a href=\"https:\/\/play.google.com\/store\/apps\/details?id=com.Xtra.Puler&amp;gl=ES\"><img loading=\"lazy\" decoding=\"async\" class=\"wp-image-164 size-medium aligncenter\" src=\"https:\/\/www.animalindiegames.com\/wp-content\/uploads\/2023\/05\/pngwing.com_-300x300.png\" alt=\"\" width=\"300\" height=\"300\" srcset=\"https:\/\/www.animalindiegames.com\/wp-content\/uploads\/2023\/05\/pngwing.com_-300x300.png 300w, https:\/\/www.animalindiegames.com\/wp-content\/uploads\/2023\/05\/pngwing.com_-1024x1024.png 1024w, https:\/\/www.animalindiegames.com\/wp-content\/uploads\/2023\/05\/pngwing.com_-150x150.png 150w, https:\/\/www.animalindiegames.com\/wp-content\/uploads\/2023\/05\/pngwing.com_-768x768.png 768w, https:\/\/www.animalindiegames.com\/wp-content\/uploads\/2023\/05\/pngwing.com_.png 1500w\" sizes=\"auto, (max-width: 300px) 100vw, 300px\" \/><\/a><\/p>\n<p><img loading=\"lazy\" decoding=\"async\" class=\"alignnone size-medium wp-image-159\" src=\"https:\/\/www.animalindiegames.com\/wp-content\/uploads\/2023\/05\/puler1-300x139.jpg\" alt=\"\" width=\"300\" height=\"139\" srcset=\"https:\/\/www.animalindiegames.com\/wp-content\/uploads\/2023\/05\/puler1-300x139.jpg 300w, https:\/\/www.animalindiegames.com\/wp-content\/uploads\/2023\/05\/puler1-1024x473.jpg 1024w, https:\/\/www.animalindiegames.com\/wp-content\/uploads\/2023\/05\/puler1-768x355.jpg 768w, https:\/\/www.animalindiegames.com\/wp-content\/uploads\/2023\/05\/puler1.jpg 1280w\" sizes=\"auto, (max-width: 300px) 100vw, 300px\" \/> <img loading=\"lazy\" decoding=\"async\" class=\"alignnone size-medium wp-image-160\" src=\"https:\/\/www.animalindiegames.com\/wp-content\/uploads\/2023\/05\/puler2-300x139.jpg\" alt=\"\" width=\"300\" height=\"139\" srcset=\"https:\/\/www.animalindiegames.com\/wp-content\/uploads\/2023\/05\/puler2-300x139.jpg 300w, https:\/\/www.animalindiegames.com\/wp-content\/uploads\/2023\/05\/puler2-1024x473.jpg 1024w, https:\/\/www.animalindiegames.com\/wp-content\/uploads\/2023\/05\/puler2-768x355.jpg 768w, https:\/\/www.animalindiegames.com\/wp-content\/uploads\/2023\/05\/puler2.jpg 1280w\" sizes=\"auto, (max-width: 300px) 100vw, 300px\" \/> <img loading=\"lazy\" decoding=\"async\" class=\"alignnone size-medium wp-image-161\" src=\"https:\/\/www.animalindiegames.com\/wp-content\/uploads\/2023\/05\/puler3-300x139.jpg\" alt=\"\" width=\"300\" height=\"139\" srcset=\"https:\/\/www.animalindiegames.com\/wp-content\/uploads\/2023\/05\/puler3-300x139.jpg 300w, https:\/\/www.animalindiegames.com\/wp-content\/uploads\/2023\/05\/puler3-1024x473.jpg 1024w, https:\/\/www.animalindiegames.com\/wp-content\/uploads\/2023\/05\/puler3-768x355.jpg 768w, https:\/\/www.animalindiegames.com\/wp-content\/uploads\/2023\/05\/puler3.jpg 1280w\" sizes=\"auto, (max-width: 300px) 100vw, 300px\" \/> <img loading=\"lazy\" decoding=\"async\" class=\"alignnone size-medium wp-image-162\" src=\"https:\/\/www.animalindiegames.com\/wp-content\/uploads\/2023\/05\/puler4-300x139.jpg\" alt=\"\" width=\"300\" height=\"139\" srcset=\"https:\/\/www.animalindiegames.com\/wp-content\/uploads\/2023\/05\/puler4-300x139.jpg 300w, https:\/\/www.animalindiegames.com\/wp-content\/uploads\/2023\/05\/puler4-1024x473.jpg 1024w, https:\/\/www.animalindiegames.com\/wp-content\/uploads\/2023\/05\/puler4-768x355.jpg 768w, https:\/\/www.animalindiegames.com\/wp-content\/uploads\/2023\/05\/puler4.jpg 1280w\" sizes=\"auto, (max-width: 300px) 100vw, 300px\" \/><\/p>","protected":false},"excerpt":{"rendered":"<p>&nbsp; An educational game for tablets and smartphones, free and without Ads. where the little ones (and not so little ) can learn about the alphabet and numbers in 3 Languages ( Catalan,Spanish and English) Already available on Google Play<\/p>","protected":false},"author":1,"featured_media":210,"parent":0,"menu_order":0,"comment_status":"closed","ping_status":"closed","template":"","meta":{"_crdt_document":"","footnotes":""},"class_list":["post-303","page","type-page","status-publish","has-post-thumbnail","hentry"],"rttpg_featured_image_url":{"full":["https:\/\/www.animalindiegames.com\/wp-content\/uploads\/2023\/05\/title-thumb.png",848,500,false],"landscape":["https:\/\/www.animalindiegames.com\/wp-content\/uploads\/2023\/05\/title-thumb.png",848,500,false],"portraits":["https:\/\/www.animalindiegames.com\/wp-content\/uploads\/2023\/05\/title-thumb.png",848,500,false],"thumbnail":["https:\/\/www.animalindiegames.com\/wp-content\/uploads\/2023\/05\/title-thumb-150x150.png",150,150,true],"medium":["https:\/\/www.animalindiegames.com\/wp-content\/uploads\/2023\/05\/title-thumb-300x177.png",300,177,true],"large":["https:\/\/www.animalindiegames.com\/wp-content\/uploads\/2023\/05\/title-thumb.png",848,500,false],"1536x1536":["https:\/\/www.animalindiegames.com\/wp-content\/uploads\/2023\/05\/title-thumb.png",848,500,false],"2048x2048":["https:\/\/www.animalindiegames.com\/wp-content\/uploads\/2023\/05\/title-thumb.png",848,500,false],"trp-custom-language-flag":["https:\/\/www.animalindiegames.com\/wp-content\/uploads\/2023\/05\/title-thumb.png",18,12,false]},"rttpg_author":{"display_name":"xtra","author_link":"https:\/\/www.animalindiegames.com\/es\/author\/xtra\/"},"rttpg_comment":0,"rttpg_category":null,"rttpg_excerpt":"&nbsp; An educational game for tablets and smartphones, free and without Ads. where the little ones (and not so little ) can learn about the alphabet and numbers in 3 Languages ( Catalan,Spanish and English) Already available on Google Play","_links":{"self":[{"href":"https:\/\/www.animalindiegames.com\/es\/wp-json\/wp\/v2\/pages\/303","targetHints":{"allow":["GET"]}}],"collection":[{"href":"https:\/\/www.animalindiegames.com\/es\/wp-json\/wp\/v2\/pages"}],"about":[{"href":"https:\/\/www.animalindiegames.com\/es\/wp-json\/wp\/v2\/types\/page"}],"author":[{"embeddable":true,"href":"https:\/\/www.animalindiegames.com\/es\/wp-json\/wp\/v2\/users\/1"}],"replies":[{"embeddable":true,"href":"https:\/\/www.animalindiegames.com\/es\/wp-json\/wp\/v2\/comments?post=303"}],"version-history":[{"count":2,"href":"https:\/\/www.animalindiegames.com\/es\/wp-json\/wp\/v2\/pages\/303\/revisions"}],"predecessor-version":[{"id":309,"href":"https:\/\/www.animalindiegames.com\/es\/wp-json\/wp\/v2\/pages\/303\/revisions\/309"}],"wp:featuredmedia":[{"embeddable":true,"href":"https:\/\/www.animalindiegames.com\/es\/wp-json\/wp\/v2\/media\/210"}],"wp:attachment":[{"href":"https:\/\/www.animalindiegames.com\/es\/wp-json\/wp\/v2\/media?parent=303"}],"curies":[{"name":"wp","href":"https:\/\/api.w.org\/{rel}","templated":true}]}}